{"id":3465,"date":"2025-11-11T18:38:13","date_gmt":"2025-11-11T18:38:13","guid":{"rendered":"https:\/\/rovelotire.ca\/dejouez-lhiver\/"},"modified":"2025-11-15T15:11:44","modified_gmt":"2025-11-15T15:11:44","slug":"dejouez-lhiver","status":"publish","type":"page","link":"https:\/\/rovelotire.ca\/fr-ca\/concours\/dejouez-lhiver\/","title":{"rendered":"D\u00c9JOUEZ L\u2019HIVER"},"content":{"rendered":"\n<div class=\"wp-block-cover has-custom-content-position is-position-bottom-center font-victor has-dark-color has-text-color has-link-color wp-elements-a7fbd25349e24ef30dc06e8f435b613f\" style=\"min-height:105vh;aspect-ratio:unset;\"><img loading=\"lazy\" decoding=\"async\" width=\"967\" height=\"1024\" class=\"wp-block-cover__image-background wp-image-3517 size-large\" alt=\"\" src=\"https:\/\/rovelotire.ca\/wp-content\/uploads\/2025\/11\/LandingPg-Section1-HeroImg-Compressed-967x1024.webp\" style=\"object-position:51% 18%\" data-object-fit=\"cover\" data-object-position=\"51% 18%\"\/><span aria-hidden=\"true\" class=\"wp-block-cover__background has-background-dim-90 has-background-dim wp-block-cover__gradient-background has-background-gradient\" style=\"background:linear-gradient(180deg,rgb(0,0,0) 0%,rgba(255,255,255,0) 12%)\"><\/span><div class=\"wp-block-cover__inner-container\">\n<div class=\"wp-block-group mb-5\">\n<p class=\"has-text-align-center mb-0 size-1\" style=\"font-size:2.5rem\" data-aos=\"fade-up\" data-aos-duration=\"800\" data-aos-once=\"true\">CONCOURS <img loading=\"lazy\" decoding=\"async\" width=\"80\" height=\"80\" class=\"wp-image-3486\" style=\"width: 80px;\" src=\"https:\/\/rovelotire.ca\/wp-content\/uploads\/2025\/11\/LandingPg-Section1-LeafBadge.webp\" alt=\"\"> DU CANADA<\/p>\n\n\n\n<h1 class=\"wp-block-heading has-text-align-center mt-0 mb-2 size-2 has-primary-color has-text-color has-link-color wp-elements-dcd17089ef91c089a7355ef8f0fde1f5\" style=\"font-size:5rem\" data-aos=\"fade-up\" data-aos-duration=\"900\" data-aos-once=\"true\">D\u00c9JOUEZ L\u2019HIVER<\/h1>\n\n\n\n<p class=\"has-text-align-center size-1\" style=\"font-size:3.2rem\" data-aos=\"fade-up\" data-aos-duration=\"900\" data-aos-delay=\"50\" data-aos-once=\"true\">AVEC <img loading=\"lazy\" decoding=\"async\" width=\"400\" height=\"64\" class=\"wp-image-3411 mb-2\" style=\"width: 400px;\" src=\"https:\/\/rovelotire.ca\/wp-content\/uploads\/2025\/11\/logo-rovelo@2x.png\" alt=\"Rovelo\"><\/p>\n\n\n\n<p class=\"has-text-align-center mt-4 size-1\" style=\"font-size:2.5rem\" data-aos=\"fade-up\" data-aos-duration=\"900\" data-aos-delay=\"100\" data-aos-once=\"true\">NOVEMBER 15-30<\/p>\n<\/div>\n<\/div><\/div>\n\n\n\n<div class=\"wp-block-group mb-0 has-white-background-color has-background\">\n<figure class=\"wp-block-image aligncenter size-full mb-0 container-xl p-5\"><img loading=\"lazy\" decoding=\"async\" width=\"2472\" height=\"1716\" src=\"https:\/\/rovelotire.ca\/wp-content\/uploads\/2025\/11\/Contest-FrenchLockup.jpg\" alt=\"Participer maintenant pour courir la chance do gagner\" class=\"wp-image-3534\"\/><\/figure>\n<\/div>\n\n\n\n<div class=\"wp-block-group pt-5 mt-0 has-white-background-color has-background\">\n<div class=\"wp-block-cover is-light\" style=\"min-height:800px;aspect-ratio:unset;\"><img loading=\"lazy\" decoding=\"async\" width=\"1336\" height=\"690\" class=\"wp-block-cover__image-background wp-image-3370 size-full\" alt=\"Winter tire\" src=\"https:\/\/rovelotire.ca\/wp-content\/uploads\/2025\/11\/winter-tire.jpg\" style=\"object-position:43% 51%\" data-object-fit=\"cover\" data-object-position=\"43% 51%\"\/><span aria-hidden=\"true\" class=\"wp-block-cover__background has-background-dim-0 has-background-dim\" style=\"background-color:#e0e0e0\"><\/span><div class=\"wp-block-cover__inner-container\">\n<div class=\"wp-block-group container-xl font-victor\">\n<div class=\"wp-block-group col-lg-6\">\n<h2 class=\"wp-block-heading has-text-align-left mb-5 has-primary-color has-text-color has-link-color wp-elements-e3253acc3bca3d0d9a157f356566afdb\" data-aos=\"zoom-in\" data-aos-duration=\"800\">COMMENT PARTICIPER<\/h2>\n\n\n\n<div class=\"wp-block-group border border-2 border-primary rounded-1 mb-4 p-3 ps-lg-5 has-light-background-color has-background\" data-aos=\"fade-right\" data-aos-duration=\"800\" data-aos-delay=\"50\">\n<div class=\"wp-block-media-text\" style=\"grid-template-columns:15% auto\"><figure class=\"wp-block-media-text__media\"><img decoding=\"async\" src=\"https:\/\/rovelotire.ca\/wp-content\/uploads\/2025\/11\/icon-1.svg\" alt=\"1\" class=\"wp-image-3361 size-full\"\/><\/figure><div class=\"wp-block-media-text__content\">\n<p class=\"text-uppercase mb-0 has-size-1-font-size\"><strong>SUIVEZ <a href=\"https:\/\/www.instagram.com\/rovelotire\" target=\"_blank\" rel=\"noreferrer noopener\">@ROVELOTIRE<\/a><\/strong> SUR INSTAGRAM<\/p>\n<\/div><\/div>\n<\/div>\n\n\n\n<div class=\"wp-block-group border border-2 border-primary rounded-1 mb-4 p-3  ps-lg-5 has-light-background-color has-background\" data-aos=\"fade-right\" data-aos-duration=\"800\" data-aos-delay=\"150\">\n<div class=\"wp-block-media-text\" style=\"grid-template-columns:15% auto\"><figure class=\"wp-block-media-text__media\"><img decoding=\"async\" src=\"https:\/\/rovelotire.ca\/wp-content\/uploads\/2025\/11\/icon-2.svg\" alt=\"2\" class=\"wp-image-3365 size-full\"\/><\/figure><div class=\"wp-block-media-text__content\">\n<p class=\"text-uppercase mb-0 has-size-1-font-size\"><strong>R\u00c9PONDEZ<\/strong> AU BREF QUESTIONNAIRE SUR LES PNEUS D\u2019HIVER CI-DESSOUS<\/p>\n<\/div><\/div>\n<\/div>\n\n\n\n<div class=\"wp-block-group border border-2 border-primary rounded-1 mb-4 p-3  ps-lg-5 has-light-background-color has-background\" data-aos=\"fade-right\" data-aos-duration=\"800\" data-aos-delay=\"250\">\n<div class=\"wp-block-media-text\" style=\"grid-template-columns:15% auto\"><figure class=\"wp-block-media-text__media\"><img decoding=\"async\" src=\"https:\/\/rovelotire.ca\/wp-content\/uploads\/2025\/11\/icon-3.svg\" alt=\"3\" class=\"wp-image-3356 size-full\"\/><\/figure><div class=\"wp-block-media-text__content\">\n<p class=\"text-uppercase mb-0 has-size-1-font-size\"><strong>COMMENTEZ<\/strong> VOTRE MEILLEUR CONSEIL DE CONDUITE HIVERNALE SUR NOTRE PUBLICATION <strong><a href=\"https:\/\/www.instagram.com\/p\/DRFNRhDDXaO\/?igsh=YzI1MW1ndDVtOGVw\" target=\"_blank\" rel=\"noreferrer noopener\">INSTAGRAM DU CONCOURS<\/a><\/strong><\/p>\n<\/div><\/div>\n<\/div>\n<\/div>\n<\/div>\n<\/div><\/div>\n<\/div>\n\n\n\n<div class=\"wp-block-group bg-green-fade pt-5 pb-5 has-white-color has-green-dark-background-color has-text-color has-background has-link-color wp-elements-0477866a6680f4cc1f5bb186a3bcd346\">\n<div class=\"wp-block-group container-xl pt-5 pb-5\">\n<h2 class=\"wp-block-heading has-text-align-center has-primary-color has-text-color has-link-color has-size-5-font-size wp-elements-ecc1fbee9c74c8ee8f4acd7da50593f4\">PR\u00caT \u00c0 TESTER VOS CONNAISSANCES SUR LES PNEUS D\u2019HIVER?<\/h2>\n\n\n\n<div id=\"trivia-instructions\" class=\"wp-block-group\">\n<p class=\"has-text-align-center mb-4 has-size-2-font-size\">Cliquez ci-dessous pour r\u00e9pondre au questionnaire et courir la chance de gagner!<\/p>\n\n\n\n<div class=\"wp-block-button text-center\"><a class=\"wp-block-button__link has-primary-background-color has-background has-text-align-center wp-element-button toggle-btn\" data-hide=\"trivia-instructions\" data-show=\"trivia-hide\">R\u00c9PONDRE AU QUESTIONNAIRE<\/a><\/div>\n<\/div>\n<\/div>\n\n\n\n<div id=\"trivia-hide\" class=\"wp-block-group font-victor mb-5\">\n        <div class=\"mv-rovelo-trivia container-xxl\">\n            <div class=\"row align-items-center\">\n                <!-- Question -->\n                <div class=\"col-md-6 col-lg-4 offset-lg-1 mb-4 mb-md-0\">\n                    <div class=\"has-size-4-font-size text-uppercase lh-1\">QUE SIGNIFIE CE SYMBOLE?<\/div>\n                    <div class=\"col-5 col-lg-4 mt-4\">\n                        <img decoding=\"async\" src=\"https:\/\/rovelotire.ca\/wp-content\/plugins\/mv-rovelo-contest\/contest-icon.svg\" alt=\"Contest icon\" class=\"img-fluid\">\n                    <\/div>\n                <\/div>\n\n                <!-- Answers -->\n                <div class=\"col-md-6 col-lg-5 offset-lg-1\">\n                    <div class=\"d-flex flex-column gap-3\">\n                                                    <div class=\"trivia-answer d-flex align-items-center position-relative mb-3\"\n                                 data-answer=\"Il s\u2019agit d\u2019un logo pour l\u2019homologation de pneus d\u2019hiver.\">\n                                <div class=\"answer-letter position-absolute translate-middle-y\">\n                                    A                                <\/div>\n                                <div class=\"answer-text flex-grow-1\">\n                                    Il s\u2019agit d\u2019un logo pour l\u2019homologation de pneus d\u2019hiver.                                <\/div>\n                            <\/div>\n                                                    <div class=\"trivia-answer d-flex align-items-center position-relative mb-3\"\n                                 data-answer=\"Il indique une performance toutes saisons.\">\n                                <div class=\"answer-letter position-absolute translate-middle-y\">\n                                    B                                <\/div>\n                                <div class=\"answer-text flex-grow-1\">\n                                    Il indique une performance toutes saisons.                                <\/div>\n                            <\/div>\n                                                    <div class=\"trivia-answer d-flex align-items-center position-relative mb-3\"\n                                 data-answer=\"Il indique que le pneu est fabriqu\u00e9 au Canada.\">\n                                <div class=\"answer-letter position-absolute translate-middle-y\">\n                                    C                                <\/div>\n                                <div class=\"answer-text flex-grow-1\">\n                                    Il indique que le pneu est fabriqu\u00e9 au Canada.                                <\/div>\n                            <\/div>\n                                                    <div class=\"trivia-answer d-flex align-items-center position-relative mb-3\"\n                                 data-answer=\"Il s\u2019agit d\u2019un avertissement de s\u00e9curit\u00e9 en montagne. \">\n                                <div class=\"answer-letter position-absolute translate-middle-y\">\n                                    D                                <\/div>\n                                <div class=\"answer-text flex-grow-1\">\n                                    Il s\u2019agit d\u2019un avertissement de s\u00e9curit\u00e9 en montagne.                                 <\/div>\n                            <\/div>\n                                            <\/div>\n                <\/div>\n            <\/div>\n        <\/div>\n\n        <!-- Correct Modal -->\n        <div class=\"modal fade\" id=\"triviaModalCorrect\" tabindex=\"-1\" aria-labelledby=\"triviaModalCorrectLabel\" aria-hidden=\"true\">\n          <div class=\"modal-dialog modal-dialog-centered\">\n            <div class=\"modal-content text-center p-4 rounded-0 bg-success text-black\">\n              <div class=\"modal-body pt-5 pb-5\">\n                <h4 id=\"triviaModalCorrectLabel\" class=\"h2 mb-4\">MAUVAISE R\u00c9PONSE<\/h4>\n                <button type=\"button\" class=\"btn btn-secondary btn-lg mt-3\" id=\"nextPageBtn\">FORMULAIRE DU CONCOURS<\/button>\n              <\/div>\n            <\/div>\n          <\/div>\n        <\/div>\n\n        <!-- Incorrect Modal -->\n        <div class=\"modal fade\" id=\"triviaModalIncorrect\" tabindex=\"-1\" aria-labelledby=\"triviaModalIncorrectLabel\" aria-hidden=\"true\">\n          <div class=\"modal-dialog modal-dialog-centered\">\n            <div class=\"modal-content text-center p-4 rounded-0 bg-dark-fade text-white\">\n              <div class=\"modal-body pt-5 pb-5\">\n                <h4 id=\"triviaModalIncorrectLabel\" class=\"h2 mb-4 text-primary\">BONNE R\u00c9PONSE<\/h4>\n                <button type=\"button\" class=\"btn btn-secondary btn-lg mt-3\" data-bs-dismiss=\"modal\">R\u00c9ESSAYER<\/button>\n              <\/div>\n            <\/div>\n          <\/div>\n        <\/div>\n\n        <script>\n        window.mvRoveloContest = {\n            correct: \"Il s\u2019agit d\u2019un logo pour l\u2019homologation de pneus d\u2019hiver.\",\n            nextUrl: \"https:\/\/rovelotire.ca\/fr-ca\/concours\/dejouez-lhiver\/formulaire-du-concours\/\"\n        };\n        <\/script>\n\n        \n<\/div>\n<\/div>\n\n\n<div id=\"med-block-block_6be417fd8c46d8d8f2d4da9d3ba7f407\"  class=\"container-fluid  contest-media\">\n    <div class=\"row tire-details bg-light text-dark\">\n                <div class=\"col-12 col-lg-6 bg-dots-left order-2\">\n            <div class=\"p-2 p-md-5\">\n                <h2 class=\"has-primary-color\">LES CONDUCTEURS AVIS\u00c9S CHOISISSENT ROVELO<\/h2>\n                <p>Il ne s\u2019agit pas seulement de survivre \u00e0 l\u2019hiver, mais plut\u00f4t de le d\u00e9jouer gr\u00e2ce \u00e0 des pneus performants et innovants. Vous assurez le contr\u00f4le, nous assurons l\u2019adh\u00e9rence! <\/p>\n            <\/div>  \n        <\/div>\n                <div class=\"col-12 col-lg-6 p-0 order-1 order-lg-2\">\n            <div class=\"wp-block-cover clip-bottom clip-lg-left\" style=\"aspect-ratio:unset;min-height:200px;\">\n                <img loading=\"lazy\" decoding=\"async\" class=\"wp-block-cover__image-background img-grow-on-load js-animate\" alt=\"\"  src=\"https:\/\/rovelotire.ca\/wp-content\/uploads\/2025\/11\/winter-tire-closeup.jpg\" data-object-fit=\"cover\">\n            <\/div>\n        <\/div>\n            <\/div>\n<\/div>","protected":false},"excerpt":{"rendered":"<p>PR\u00caT \u00c0 TESTER VOS CONNAISSANCES SUR LES PNEUS D\u2019HIVER? Cliquez ci-dessous pour r\u00e9pondre au questionnaire et courir la chance de gagner! R\u00c9PONDRE AU QUESTIONNAIRE<\/p>\n","protected":false},"author":1,"featured_media":0,"parent":3471,"menu_order":0,"comment_status":"closed","ping_status":"closed","template":"page-landing.php","meta":{"_acf_changed":false,"footnotes":""},"class_list":["post-3465","page","type-page","status-publish","hentry"],"acf":[],"yoast_head":"<!-- This site is optimized with the Yoast SEO plugin v27.4 - https:\/\/yoast.com\/product\/yoast-seo-wordpress\/ -->\n<title>D\u00c9JOUEZ L\u2019HIVER | Rovelo Tires Canada<\/title>\n<meta name=\"robots\" content=\"index, follow, max-snippet:-1, max-image-preview:large, max-video-preview:-1\" \/>\n<link rel=\"canonical\" href=\"https:\/\/rovelotire.ca\/fr-ca\/concours\/dejouez-lhiver\/\" \/>\n<meta property=\"og:locale\" content=\"fr_CA\" \/>\n<meta property=\"og:type\" content=\"article\" \/>\n<meta property=\"og:title\" content=\"D\u00c9JOUEZ L\u2019HIVER | Rovelo Tires Canada\" \/>\n<meta property=\"og:description\" content=\"PR\u00caT \u00c0 TESTER VOS CONNAISSANCES SUR LES PNEUS D\u2019HIVER? Cliquez ci-dessous pour r\u00e9pondre au questionnaire et courir la chance de gagner! R\u00c9PONDRE AU QUESTIONNAIRE\" \/>\n<meta property=\"og:url\" content=\"https:\/\/rovelotire.ca\/fr-ca\/concours\/dejouez-lhiver\/\" \/>\n<meta property=\"og:site_name\" content=\"Rovelo Tires Canada\" \/>\n<meta property=\"article:modified_time\" content=\"2025-11-15T15:11:44+00:00\" \/>\n<meta property=\"og:image\" content=\"https:\/\/rovelotire.ca\/wp-content\/uploads\/2025\/11\/LandingPg-Section1-HeroImg-Compressed-967x1024.webp\" \/>\n<meta name=\"twitter:card\" content=\"summary_large_image\" \/>\n<meta name=\"twitter:label1\" content=\"Estimation du temps de lecture\" \/>\n\t<meta name=\"twitter:data1\" content=\"2 minutes\" \/>\n<script type=\"application\/ld+json\" class=\"yoast-schema-graph\">{\"@context\":\"https:\\\/\\\/schema.org\",\"@graph\":[{\"@type\":\"WebPage\",\"@id\":\"https:\\\/\\\/rovelotire.ca\\\/fr-ca\\\/concours\\\/dejouez-lhiver\\\/\",\"url\":\"https:\\\/\\\/rovelotire.ca\\\/fr-ca\\\/concours\\\/dejouez-lhiver\\\/\",\"name\":\"D\u00c9JOUEZ L\u2019HIVER | Rovelo Tires Canada\",\"isPartOf\":{\"@id\":\"https:\\\/\\\/rovelotire.ca\\\/fr-ca\\\/#website\"},\"primaryImageOfPage\":{\"@id\":\"https:\\\/\\\/rovelotire.ca\\\/fr-ca\\\/concours\\\/dejouez-lhiver\\\/#primaryimage\"},\"image\":{\"@id\":\"https:\\\/\\\/rovelotire.ca\\\/fr-ca\\\/concours\\\/dejouez-lhiver\\\/#primaryimage\"},\"thumbnailUrl\":\"https:\\\/\\\/rovelotire.ca\\\/wp-content\\\/uploads\\\/2025\\\/11\\\/LandingPg-Section1-HeroImg-Compressed-967x1024.webp\",\"datePublished\":\"2025-11-11T18:38:13+00:00\",\"dateModified\":\"2025-11-15T15:11:44+00:00\",\"breadcrumb\":{\"@id\":\"https:\\\/\\\/rovelotire.ca\\\/fr-ca\\\/concours\\\/dejouez-lhiver\\\/#breadcrumb\"},\"inLanguage\":\"fr-CA\",\"potentialAction\":[{\"@type\":\"ReadAction\",\"target\":[\"https:\\\/\\\/rovelotire.ca\\\/fr-ca\\\/concours\\\/dejouez-lhiver\\\/\"]}]},{\"@type\":\"ImageObject\",\"inLanguage\":\"fr-CA\",\"@id\":\"https:\\\/\\\/rovelotire.ca\\\/fr-ca\\\/concours\\\/dejouez-lhiver\\\/#primaryimage\",\"url\":\"https:\\\/\\\/rovelotire.ca\\\/wp-content\\\/uploads\\\/2025\\\/11\\\/LandingPg-Section1-HeroImg-Compressed-967x1024.webp\",\"contentUrl\":\"https:\\\/\\\/rovelotire.ca\\\/wp-content\\\/uploads\\\/2025\\\/11\\\/LandingPg-Section1-HeroImg-Compressed-967x1024.webp\"},{\"@type\":\"BreadcrumbList\",\"@id\":\"https:\\\/\\\/rovelotire.ca\\\/fr-ca\\\/concours\\\/dejouez-lhiver\\\/#breadcrumb\",\"itemListElement\":[{\"@type\":\"ListItem\",\"position\":1,\"name\":\"Home\",\"item\":\"https:\\\/\\\/rovelotire.ca\\\/fr-ca\\\/\"},{\"@type\":\"ListItem\",\"position\":2,\"name\":\"Concours\",\"item\":\"https:\\\/\\\/rovelotire.ca\\\/fr-ca\\\/contests\\\/\"},{\"@type\":\"ListItem\",\"position\":3,\"name\":\"D\u00c9JOUEZ L\u2019HIVER\"}]},{\"@type\":\"WebSite\",\"@id\":\"https:\\\/\\\/rovelotire.ca\\\/fr-ca\\\/#website\",\"url\":\"https:\\\/\\\/rovelotire.ca\\\/fr-ca\\\/\",\"name\":\"Rovelo Tires Canada\",\"description\":\"\",\"publisher\":{\"@id\":\"https:\\\/\\\/rovelotire.ca\\\/fr-ca\\\/#organization\"},\"alternateName\":\"Rovelo Tires Canada\",\"potentialAction\":[{\"@type\":\"SearchAction\",\"target\":{\"@type\":\"EntryPoint\",\"urlTemplate\":\"https:\\\/\\\/rovelotire.ca\\\/fr-ca\\\/?s={search_term_string}\"},\"query-input\":{\"@type\":\"PropertyValueSpecification\",\"valueRequired\":true,\"valueName\":\"search_term_string\"}}],\"inLanguage\":\"fr-CA\"},{\"@type\":\"Organization\",\"@id\":\"https:\\\/\\\/rovelotire.ca\\\/fr-ca\\\/#organization\",\"name\":\"Rovelo Tires Canada\",\"url\":\"https:\\\/\\\/rovelotire.ca\\\/fr-ca\\\/\",\"logo\":{\"@type\":\"ImageObject\",\"inLanguage\":\"fr-CA\",\"@id\":\"https:\\\/\\\/rovelotire.ca\\\/fr-ca\\\/#\\\/schema\\\/logo\\\/image\\\/\",\"url\":\"https:\\\/\\\/rovelotire.ca\\\/wp-content\\\/uploads\\\/2025\\\/04\\\/rovelo-logo.svg\",\"contentUrl\":\"https:\\\/\\\/rovelotire.ca\\\/wp-content\\\/uploads\\\/2025\\\/04\\\/rovelo-logo.svg\",\"caption\":\"Rovelo Tires Canada\"},\"image\":{\"@id\":\"https:\\\/\\\/rovelotire.ca\\\/fr-ca\\\/#\\\/schema\\\/logo\\\/image\\\/\"}}]}<\/script>\n<!-- \/ Yoast SEO plugin. -->","yoast_head_json":{"title":"D\u00c9JOUEZ L\u2019HIVER | Rovelo Tires Canada","robots":{"index":"index","follow":"follow","max-snippet":"max-snippet:-1","max-image-preview":"max-image-preview:large","max-video-preview":"max-video-preview:-1"},"canonical":"https:\/\/rovelotire.ca\/fr-ca\/concours\/dejouez-lhiver\/","og_locale":"fr_CA","og_type":"article","og_title":"D\u00c9JOUEZ L\u2019HIVER | Rovelo Tires Canada","og_description":"PR\u00caT \u00c0 TESTER VOS CONNAISSANCES SUR LES PNEUS D\u2019HIVER? Cliquez ci-dessous pour r\u00e9pondre au questionnaire et courir la chance de gagner! R\u00c9PONDRE AU QUESTIONNAIRE","og_url":"https:\/\/rovelotire.ca\/fr-ca\/concours\/dejouez-lhiver\/","og_site_name":"Rovelo Tires Canada","article_modified_time":"2025-11-15T15:11:44+00:00","og_image":[{"url":"https:\/\/rovelotire.ca\/wp-content\/uploads\/2025\/11\/LandingPg-Section1-HeroImg-Compressed-967x1024.webp","type":"","width":"","height":""}],"twitter_card":"summary_large_image","twitter_misc":{"Estimation du temps de lecture":"2 minutes"},"schema":{"@context":"https:\/\/schema.org","@graph":[{"@type":"WebPage","@id":"https:\/\/rovelotire.ca\/fr-ca\/concours\/dejouez-lhiver\/","url":"https:\/\/rovelotire.ca\/fr-ca\/concours\/dejouez-lhiver\/","name":"D\u00c9JOUEZ L\u2019HIVER | Rovelo Tires Canada","isPartOf":{"@id":"https:\/\/rovelotire.ca\/fr-ca\/#website"},"primaryImageOfPage":{"@id":"https:\/\/rovelotire.ca\/fr-ca\/concours\/dejouez-lhiver\/#primaryimage"},"image":{"@id":"https:\/\/rovelotire.ca\/fr-ca\/concours\/dejouez-lhiver\/#primaryimage"},"thumbnailUrl":"https:\/\/rovelotire.ca\/wp-content\/uploads\/2025\/11\/LandingPg-Section1-HeroImg-Compressed-967x1024.webp","datePublished":"2025-11-11T18:38:13+00:00","dateModified":"2025-11-15T15:11:44+00:00","breadcrumb":{"@id":"https:\/\/rovelotire.ca\/fr-ca\/concours\/dejouez-lhiver\/#breadcrumb"},"inLanguage":"fr-CA","potentialAction":[{"@type":"ReadAction","target":["https:\/\/rovelotire.ca\/fr-ca\/concours\/dejouez-lhiver\/"]}]},{"@type":"ImageObject","inLanguage":"fr-CA","@id":"https:\/\/rovelotire.ca\/fr-ca\/concours\/dejouez-lhiver\/#primaryimage","url":"https:\/\/rovelotire.ca\/wp-content\/uploads\/2025\/11\/LandingPg-Section1-HeroImg-Compressed-967x1024.webp","contentUrl":"https:\/\/rovelotire.ca\/wp-content\/uploads\/2025\/11\/LandingPg-Section1-HeroImg-Compressed-967x1024.webp"},{"@type":"BreadcrumbList","@id":"https:\/\/rovelotire.ca\/fr-ca\/concours\/dejouez-lhiver\/#breadcrumb","itemListElement":[{"@type":"ListItem","position":1,"name":"Home","item":"https:\/\/rovelotire.ca\/fr-ca\/"},{"@type":"ListItem","position":2,"name":"Concours","item":"https:\/\/rovelotire.ca\/fr-ca\/contests\/"},{"@type":"ListItem","position":3,"name":"D\u00c9JOUEZ L\u2019HIVER"}]},{"@type":"WebSite","@id":"https:\/\/rovelotire.ca\/fr-ca\/#website","url":"https:\/\/rovelotire.ca\/fr-ca\/","name":"Rovelo Tires Canada","description":"","publisher":{"@id":"https:\/\/rovelotire.ca\/fr-ca\/#organization"},"alternateName":"Rovelo Tires Canada","potentialAction":[{"@type":"SearchAction","target":{"@type":"EntryPoint","urlTemplate":"https:\/\/rovelotire.ca\/fr-ca\/?s={search_term_string}"},"query-input":{"@type":"PropertyValueSpecification","valueRequired":true,"valueName":"search_term_string"}}],"inLanguage":"fr-CA"},{"@type":"Organization","@id":"https:\/\/rovelotire.ca\/fr-ca\/#organization","name":"Rovelo Tires Canada","url":"https:\/\/rovelotire.ca\/fr-ca\/","logo":{"@type":"ImageObject","inLanguage":"fr-CA","@id":"https:\/\/rovelotire.ca\/fr-ca\/#\/schema\/logo\/image\/","url":"https:\/\/rovelotire.ca\/wp-content\/uploads\/2025\/04\/rovelo-logo.svg","contentUrl":"https:\/\/rovelotire.ca\/wp-content\/uploads\/2025\/04\/rovelo-logo.svg","caption":"Rovelo Tires Canada"},"image":{"@id":"https:\/\/rovelotire.ca\/fr-ca\/#\/schema\/logo\/image\/"}}]}},"_links":{"self":[{"href":"https:\/\/rovelotire.ca\/fr-ca\/wp-json\/wp\/v2\/pages\/3465","targetHints":{"allow":["GET"]}}],"collection":[{"href":"https:\/\/rovelotire.ca\/fr-ca\/wp-json\/wp\/v2\/pages"}],"about":[{"href":"https:\/\/rovelotire.ca\/fr-ca\/wp-json\/wp\/v2\/types\/page"}],"author":[{"embeddable":true,"href":"https:\/\/rovelotire.ca\/fr-ca\/wp-json\/wp\/v2\/users\/1"}],"replies":[{"embeddable":true,"href":"https:\/\/rovelotire.ca\/fr-ca\/wp-json\/wp\/v2\/comments?post=3465"}],"version-history":[{"count":6,"href":"https:\/\/rovelotire.ca\/fr-ca\/wp-json\/wp\/v2\/pages\/3465\/revisions"}],"predecessor-version":[{"id":3609,"href":"https:\/\/rovelotire.ca\/fr-ca\/wp-json\/wp\/v2\/pages\/3465\/revisions\/3609"}],"up":[{"embeddable":true,"href":"https:\/\/rovelotire.ca\/fr-ca\/wp-json\/wp\/v2\/pages\/3471"}],"wp:attachment":[{"href":"https:\/\/rovelotire.ca\/fr-ca\/wp-json\/wp\/v2\/media?parent=3465"}],"curies":[{"name":"wp","href":"https:\/\/api.w.org\/{rel}","templated":true}]}}