{"id":2179,"date":"2025-04-09T14:01:45","date_gmt":"2025-04-09T14:01:45","guid":{"rendered":"https:\/\/rovelotire.ca\/accueil\/"},"modified":"2026-04-22T17:12:32","modified_gmt":"2026-04-22T17:12:32","slug":"accueil","status":"publish","type":"page","link":"https:\/\/rovelotire.ca\/fr-ca\/","title":{"rendered":"Accueil"},"content":{"rendered":"\n<div class=\"wp-block-cover d-none d-md-flex\" style=\"min-height:80vh;aspect-ratio:unset;\"><img loading=\"lazy\" decoding=\"async\" width=\"2560\" height=\"1154\" class=\"wp-block-cover__image-background wp-image-4213 size-full\" alt=\"Stay ahead of the curve - spring campaign banner\" src=\"https:\/\/rovelotire.ca\/wp-content\/uploads\/2026\/03\/SAIL-0016_2026SpringCampign-WebHero-Desktop-Background_FA-scaled.webp\" data-object-fit=\"cover\"\/><span aria-hidden=\"true\" class=\"wp-block-cover__background has-background-dim-0 has-background-dim\" style=\"background-color:#707673\"><\/span><div class=\"wp-block-cover__inner-container\">\n<div class=\"wp-block-group container-xl my-5 py-5\">\n<h1 class=\"wp-block-heading mb-5 col-md-6 has-size-5-font-size\">Garder une longueur d\u2019<strong>avance<\/strong><\/h1>\n\n\n\n<div class=\"wp-block-buttons\">\n<div class=\"wp-block-button me-4\"><a class=\"wp-block-button__link has-primary-background-color has-background wp-element-button\" href=\"https:\/\/rovelotire.ca\/fr-ca\/garder-une-longueur-davance\/\">Pr\u00eat pour la Route<\/a><\/div>\n\n\n\n<div class=\"wp-block-button\"><a class=\"wp-block-button__link has-secondary-background-color has-background wp-element-button\" href=\"https:\/\/rovelotire.ca\/fr-ca\/tous-les-pneus\/\">Trouvez Votre Pneu<\/a><\/div>\n<\/div>\n<\/div>\n<\/div><\/div>\n\n\n\n<div class=\"wp-block-cover has-custom-content-position is-position-top-center d-md-none\" style=\"min-height:80vh;aspect-ratio:unset;\"><img loading=\"lazy\" decoding=\"async\" width=\"786\" height=\"1380\" class=\"wp-block-cover__image-background wp-image-4226 size-full\" alt=\"Stay ahead of the curve - spring campaign banner\" src=\"https:\/\/rovelotire.ca\/wp-content\/uploads\/2026\/03\/SAIL-0016_2026SpringCampign-WebHero-Mobile-Background_FA.webp\" style=\"object-position:49% 35%\" data-object-fit=\"cover\" data-object-position=\"49% 35%\"\/><span aria-hidden=\"true\" class=\"wp-block-cover__background has-background-dim-0 has-background-dim\" style=\"background-color:#505250\"><\/span><div class=\"wp-block-cover__inner-container\">\n<div class=\"wp-block-group container-xl py-5 my-5\">\n<h1 class=\"wp-block-heading has-text-align-center mb-5 col-10 m-auto has-size-4-font-size\">Garder une longueur d\u2019<strong>avance<\/strong><\/h1>\n\n\n\n<div class=\"wp-block-buttons m-auto text-center\">\n<div class=\"wp-block-button me-sm-4 mb-3\"><a class=\"wp-block-button__link has-primary-background-color has-background wp-element-button\" href=\"https:\/\/rovelotire.ca\/fr-ca\/garder-une-longueur-davance\/\">Pr\u00eat pour la Route<\/a><\/div>\n\n\n\n<div class=\"wp-block-button  mb-3\"><a class=\"wp-block-button__link has-secondary-background-color has-background wp-element-button\" href=\"https:\/\/rovelotire.ca\/fr-ca\/tous-les-pneus\/\">Trouvez Votre Pneu<\/a><\/div>\n<\/div>\n<\/div>\n<\/div><\/div>\n","protected":false},"excerpt":{"rendered":"","protected":false},"author":1,"featured_media":0,"parent":0,"menu_order":0,"comment_status":"closed","ping_status":"closed","template":"","meta":{"_acf_changed":false,"footnotes":""},"class_list":["post-2179","page","type-page","status-publish","hentry"],"acf":[],"yoast_head":"<!-- This site is optimized with the Yoast SEO plugin v27.4 - https:\/\/yoast.com\/product\/yoast-seo-wordpress\/ -->\n<title>Pneus Rovelo Canada\u00a0\u2013 Performance et fiabilit\u00e9 in\u00e9gal\u00e9es<\/title>\n<meta name=\"description\" content=\"Pneus Rovelo Canada est un chef de file en valeur avec une large gamme de pneus pour voitures, camions, multisegments et VUS. D\u00e9couvrez notre s\u00e9lection d\u00e8s aujourd&#039;hui.\" \/>\n<meta name=\"robots\" content=\"index, follow, max-snippet:-1, max-image-preview:large, max-video-preview:-1\" \/>\n<link rel=\"canonical\" href=\"https:\/\/rovelotire.ca\/fr-ca\/\" \/>\n<meta property=\"og:locale\" content=\"fr_CA\" \/>\n<meta property=\"og:type\" content=\"article\" \/>\n<meta property=\"og:title\" content=\"Pneus Rovelo Canada\u00a0\u2013 Performance et fiabilit\u00e9 in\u00e9gal\u00e9es\" \/>\n<meta property=\"og:description\" content=\"Pneus Rovelo Canada est un chef de file en valeur avec une large gamme de pneus pour voitures, camions, multisegments et VUS. D\u00e9couvrez notre s\u00e9lection d\u00e8s aujourd&#039;hui.\" \/>\n<meta property=\"og:url\" content=\"https:\/\/rovelotire.ca\/fr-ca\/\" \/>\n<meta property=\"og:site_name\" content=\"Rovelo Tires Canada\" \/>\n<meta property=\"article:modified_time\" content=\"2026-04-22T17:12:32+00:00\" \/>\n<meta property=\"og:image\" content=\"https:\/\/rovelotire.ca\/wp-content\/uploads\/2026\/03\/SAIL-0016_2026SpringCampign-WebHero-Desktop-Background_FA-scaled.webp\" \/>\n<meta name=\"twitter:card\" content=\"summary_large_image\" \/>\n<meta name=\"twitter:label1\" content=\"Estimation du temps de lecture\" \/>\n\t<meta name=\"twitter:data1\" content=\"1 minute\" \/>\n<script type=\"application\/ld+json\" class=\"yoast-schema-graph\">{\"@context\":\"https:\\\/\\\/schema.org\",\"@graph\":[{\"@type\":\"WebPage\",\"@id\":\"https:\\\/\\\/rovelotire.ca\\\/fr-ca\\\/\",\"url\":\"https:\\\/\\\/rovelotire.ca\\\/fr-ca\\\/\",\"name\":\"Pneus Rovelo Canada\u00a0\u2013 Performance et fiabilit\u00e9 in\u00e9gal\u00e9es\",\"isPartOf\":{\"@id\":\"https:\\\/\\\/rovelotireusa.com\\\/en\\\/#website\"},\"primaryImageOfPage\":{\"@id\":\"https:\\\/\\\/rovelotire.ca\\\/fr-ca\\\/#primaryimage\"},\"image\":{\"@id\":\"https:\\\/\\\/rovelotire.ca\\\/fr-ca\\\/#primaryimage\"},\"thumbnailUrl\":\"https:\\\/\\\/rovelotire.ca\\\/wp-content\\\/uploads\\\/2026\\\/03\\\/SAIL-0016_2026SpringCampign-WebHero-Desktop-Background_FA-scaled.webp\",\"datePublished\":\"2025-04-09T14:01:45+00:00\",\"dateModified\":\"2026-04-22T17:12:32+00:00\",\"description\":\"Pneus Rovelo Canada est un chef de file en valeur avec une large gamme de pneus pour voitures, camions, multisegments et VUS. D\u00e9couvrez notre s\u00e9lection d\u00e8s aujourd'hui.\",\"breadcrumb\":{\"@id\":\"https:\\\/\\\/rovelotire.ca\\\/fr-ca\\\/#breadcrumb\"},\"inLanguage\":\"fr-CA\",\"potentialAction\":[{\"@type\":\"ReadAction\",\"target\":[\"https:\\\/\\\/rovelotire.ca\\\/fr-ca\\\/\"]}]},{\"@type\":\"ImageObject\",\"inLanguage\":\"fr-CA\",\"@id\":\"https:\\\/\\\/rovelotire.ca\\\/fr-ca\\\/#primaryimage\",\"url\":\"https:\\\/\\\/rovelotire.ca\\\/wp-content\\\/uploads\\\/2026\\\/03\\\/SAIL-0016_2026SpringCampign-WebHero-Desktop-Background_FA-scaled.webp\",\"contentUrl\":\"https:\\\/\\\/rovelotire.ca\\\/wp-content\\\/uploads\\\/2026\\\/03\\\/SAIL-0016_2026SpringCampign-WebHero-Desktop-Background_FA-scaled.webp\"},{\"@type\":\"BreadcrumbList\",\"@id\":\"https:\\\/\\\/rovelotire.ca\\\/fr-ca\\\/#breadcrumb\",\"itemListElement\":[{\"@type\":\"ListItem\",\"position\":1,\"name\":\"Home\",\"item\":\"https:\\\/\\\/rovelotireusa.com\\\/fr-ca\\\/\"},{\"@type\":\"ListItem\",\"position\":2,\"name\":\"Accueil\"}]},{\"@type\":\"WebSite\",\"@id\":\"https:\\\/\\\/rovelotireusa.com\\\/en\\\/#website\",\"url\":\"https:\\\/\\\/rovelotireusa.com\\\/en\\\/\",\"name\":\"Rovelo Tires Canada\",\"description\":\"\",\"publisher\":{\"@id\":\"https:\\\/\\\/rovelotireusa.com\\\/en\\\/#organization\"},\"alternateName\":\"Rovelo Tires Canada\",\"potentialAction\":[{\"@type\":\"SearchAction\",\"target\":{\"@type\":\"EntryPoint\",\"urlTemplate\":\"https:\\\/\\\/rovelotireusa.com\\\/en\\\/?s={search_term_string}\"},\"query-input\":{\"@type\":\"PropertyValueSpecification\",\"valueRequired\":true,\"valueName\":\"search_term_string\"}}],\"inLanguage\":\"fr-CA\"},{\"@type\":\"Organization\",\"@id\":\"https:\\\/\\\/rovelotireusa.com\\\/en\\\/#organization\",\"name\":\"Rovelo Tires Canada\",\"url\":\"https:\\\/\\\/rovelotireusa.com\\\/en\\\/\",\"logo\":{\"@type\":\"ImageObject\",\"inLanguage\":\"fr-CA\",\"@id\":\"https:\\\/\\\/rovelotireusa.com\\\/en\\\/#\\\/schema\\\/logo\\\/image\\\/\",\"url\":\"https:\\\/\\\/rovelotire.ca\\\/wp-content\\\/uploads\\\/2025\\\/04\\\/rovelo-logo.svg\",\"contentUrl\":\"https:\\\/\\\/rovelotire.ca\\\/wp-content\\\/uploads\\\/2025\\\/04\\\/rovelo-logo.svg\",\"caption\":\"Rovelo Tires Canada\"},\"image\":{\"@id\":\"https:\\\/\\\/rovelotireusa.com\\\/en\\\/#\\\/schema\\\/logo\\\/image\\\/\"}}]}<\/script>\n<!-- \/ Yoast SEO plugin. -->","yoast_head_json":{"title":"Pneus Rovelo Canada\u00a0\u2013 Performance et fiabilit\u00e9 in\u00e9gal\u00e9es","description":"Pneus Rovelo Canada est un chef de file en valeur avec une large gamme de pneus pour voitures, camions, multisegments et VUS. D\u00e9couvrez notre s\u00e9lection d\u00e8s aujourd'hui.","robots":{"index":"index","follow":"follow","max-snippet":"max-snippet:-1","max-image-preview":"max-image-preview:large","max-video-preview":"max-video-preview:-1"},"canonical":"https:\/\/rovelotire.ca\/fr-ca\/","og_locale":"fr_CA","og_type":"article","og_title":"Pneus Rovelo Canada\u00a0\u2013 Performance et fiabilit\u00e9 in\u00e9gal\u00e9es","og_description":"Pneus Rovelo Canada est un chef de file en valeur avec une large gamme de pneus pour voitures, camions, multisegments et VUS. D\u00e9couvrez notre s\u00e9lection d\u00e8s aujourd'hui.","og_url":"https:\/\/rovelotire.ca\/fr-ca\/","og_site_name":"Rovelo Tires Canada","article_modified_time":"2026-04-22T17:12:32+00:00","og_image":[{"url":"https:\/\/rovelotire.ca\/wp-content\/uploads\/2026\/03\/SAIL-0016_2026SpringCampign-WebHero-Desktop-Background_FA-scaled.webp","type":"","width":"","height":""}],"twitter_card":"summary_large_image","twitter_misc":{"Estimation du temps de lecture":"1 minute"},"schema":{"@context":"https:\/\/schema.org","@graph":[{"@type":"WebPage","@id":"https:\/\/rovelotire.ca\/fr-ca\/","url":"https:\/\/rovelotire.ca\/fr-ca\/","name":"Pneus Rovelo Canada\u00a0\u2013 Performance et fiabilit\u00e9 in\u00e9gal\u00e9es","isPartOf":{"@id":"https:\/\/rovelotireusa.com\/en\/#website"},"primaryImageOfPage":{"@id":"https:\/\/rovelotire.ca\/fr-ca\/#primaryimage"},"image":{"@id":"https:\/\/rovelotire.ca\/fr-ca\/#primaryimage"},"thumbnailUrl":"https:\/\/rovelotire.ca\/wp-content\/uploads\/2026\/03\/SAIL-0016_2026SpringCampign-WebHero-Desktop-Background_FA-scaled.webp","datePublished":"2025-04-09T14:01:45+00:00","dateModified":"2026-04-22T17:12:32+00:00","description":"Pneus Rovelo Canada est un chef de file en valeur avec une large gamme de pneus pour voitures, camions, multisegments et VUS. D\u00e9couvrez notre s\u00e9lection d\u00e8s aujourd'hui.","breadcrumb":{"@id":"https:\/\/rovelotire.ca\/fr-ca\/#breadcrumb"},"inLanguage":"fr-CA","potentialAction":[{"@type":"ReadAction","target":["https:\/\/rovelotire.ca\/fr-ca\/"]}]},{"@type":"ImageObject","inLanguage":"fr-CA","@id":"https:\/\/rovelotire.ca\/fr-ca\/#primaryimage","url":"https:\/\/rovelotire.ca\/wp-content\/uploads\/2026\/03\/SAIL-0016_2026SpringCampign-WebHero-Desktop-Background_FA-scaled.webp","contentUrl":"https:\/\/rovelotire.ca\/wp-content\/uploads\/2026\/03\/SAIL-0016_2026SpringCampign-WebHero-Desktop-Background_FA-scaled.webp"},{"@type":"BreadcrumbList","@id":"https:\/\/rovelotire.ca\/fr-ca\/#breadcrumb","itemListElement":[{"@type":"ListItem","position":1,"name":"Home","item":"https:\/\/rovelotireusa.com\/fr-ca\/"},{"@type":"ListItem","position":2,"name":"Accueil"}]},{"@type":"WebSite","@id":"https:\/\/rovelotireusa.com\/en\/#website","url":"https:\/\/rovelotireusa.com\/en\/","name":"Rovelo Tires Canada","description":"","publisher":{"@id":"https:\/\/rovelotireusa.com\/en\/#organization"},"alternateName":"Rovelo Tires Canada","potentialAction":[{"@type":"SearchAction","target":{"@type":"EntryPoint","urlTemplate":"https:\/\/rovelotireusa.com\/en\/?s={search_term_string}"},"query-input":{"@type":"PropertyValueSpecification","valueRequired":true,"valueName":"search_term_string"}}],"inLanguage":"fr-CA"},{"@type":"Organization","@id":"https:\/\/rovelotireusa.com\/en\/#organization","name":"Rovelo Tires Canada","url":"https:\/\/rovelotireusa.com\/en\/","logo":{"@type":"ImageObject","inLanguage":"fr-CA","@id":"https:\/\/rovelotireusa.com\/en\/#\/schema\/logo\/image\/","url":"https:\/\/rovelotire.ca\/wp-content\/uploads\/2025\/04\/rovelo-logo.svg","contentUrl":"https:\/\/rovelotire.ca\/wp-content\/uploads\/2025\/04\/rovelo-logo.svg","caption":"Rovelo Tires Canada"},"image":{"@id":"https:\/\/rovelotireusa.com\/en\/#\/schema\/logo\/image\/"}}]}},"_links":{"self":[{"href":"https:\/\/rovelotire.ca\/fr-ca\/wp-json\/wp\/v2\/pages\/2179","targetHints":{"allow":["GET"]}}],"collection":[{"href":"https:\/\/rovelotire.ca\/fr-ca\/wp-json\/wp\/v2\/pages"}],"about":[{"href":"https:\/\/rovelotire.ca\/fr-ca\/wp-json\/wp\/v2\/types\/page"}],"author":[{"embeddable":true,"href":"https:\/\/rovelotire.ca\/fr-ca\/wp-json\/wp\/v2\/users\/1"}],"replies":[{"embeddable":true,"href":"https:\/\/rovelotire.ca\/fr-ca\/wp-json\/wp\/v2\/comments?post=2179"}],"version-history":[{"count":22,"href":"https:\/\/rovelotire.ca\/fr-ca\/wp-json\/wp\/v2\/pages\/2179\/revisions"}],"predecessor-version":[{"id":4278,"href":"https:\/\/rovelotire.ca\/fr-ca\/wp-json\/wp\/v2\/pages\/2179\/revisions\/4278"}],"wp:attachment":[{"href":"https:\/\/rovelotire.ca\/fr-ca\/wp-json\/wp\/v2\/media?parent=2179"}],"curies":[{"name":"wp","href":"https:\/\/api.w.org\/{rel}","templated":true}]}}